{"id":809,"date":"2026-03-11T12:58:57","date_gmt":"2026-03-11T12:58:57","guid":{"rendered":"https:\/\/socialsurfexperience.com\/?page_id=809"},"modified":"2026-03-27T10:57:51","modified_gmt":"2026-03-27T10:57:51","slug":"politique-de-confidentialite","status":"publish","type":"page","link":"https:\/\/socialsurfexperience.com\/en\/politique-de-confidentialite\/","title":{"rendered":"Privacy Policy"},"content":{"rendered":"<div data-elementor-type=\"wp-page\" data-elementor-id=\"809\" class=\"elementor elementor-809\">\n\t\t\t\t<div class=\"elementor-element elementor-element-8357b65 e-flex e-con-boxed e-con e-parent\" data-id=\"8357b65\" data-element_type=\"container\" data-e-type=\"container\" data-settings=\"{&quot;background_background&quot;:&quot;classic&quot;,&quot;shape_divider_bottom&quot;:&quot;wave-brush&quot;}\">\n\t\t\t\t\t<div class=\"e-con-inner\">\n\t\t\t\t<div class=\"elementor-shape elementor-shape-bottom\" aria-hidden=\"true\" data-negative=\"false\">\n\t\t\t<svg xmlns=\"http:\/\/www.w3.org\/2000\/svg\" viewbox=\"0 0 283.5 27.8\" preserveaspectratio=\"none\">\n\t<path class=\"elementor-shape-fill\" d=\"M283.5,9.7c0,0-7.3,4.3-14,4.6c-6.8,0.3-12.6,0-20.9-1.5c-11.3-2-33.1-10.1-44.7-5.7\ts-12.1,4.6-18,7.4c-6.6,3.2-20,9.6-36.6,9.3C131.6,23.5,99.5,7.2,86.3,8c-1.4,0.1-6.6,0.8-10.5,2c-3.8,1.2-9.4,3.8-17,4.7\tc-3.2,0.4-8.3,1.1-14.2,0.9c-1.5-0.1-6.3-0.4-12-1.6c-5.7-1.2-11-3.1-15.8-3.7C6.5,9.2,0,10.8,0,10.8V0h283.5V9.7z M260.8,11.3\tc-0.7-1-2-0.4-4.3-0.4c-2.3,0-6.1-1.2-5.8-1.1c0.3,0.1,3.1,1.5,6,1.9C259.7,12.2,261.4,12.3,260.8,11.3z M242.4,8.6\tc0,0-2.4-0.2-5.6-0.9c-3.2-0.8-10.3-2.8-15.1-3.5c-8.2-1.1-15.8,0-15.1,0.1c0.8,0.1,9.6-0.6,17.6,1.1c3.3,0.7,9.3,2.2,12.4,2.7\tC239.9,8.7,242.4,8.6,242.4,8.6z M185.2,8.5c1.7-0.7-13.3,4.7-18.5,6.1c-2.1,0.6-6.2,1.6-10,2c-3.9,0.4-8.9,0.4-8.8,0.5\tc0,0.2,5.8,0.8,11.2,0c5.4-0.8,5.2-1.1,7.6-1.6C170.5,14.7,183.5,9.2,185.2,8.5z M199.1,6.9c0.2,0-0.8-0.4-4.8,1.1\tc-4,1.5-6.7,3.5-6.9,3.7c-0.2,0.1,3.5-1.8,6.6-3C197,7.5,199,6.9,199.1,6.9z M283,6c-0.1,0.1-1.9,1.1-4.8,2.5s-6.9,2.8-6.7,2.7\tc0.2,0,3.5-0.6,7.4-2.5C282.8,6.8,283.1,5.9,283,6z M31.3,11.6c0.1-0.2-1.9-0.2-4.5-1.2s-5.4-1.6-7.8-2C15,7.6,7.3,8.5,7.7,8.6\tC8,8.7,15.9,8.3,20.2,9.3c2.2,0.5,2.4,0.5,5.7,1.6S31.2,11.9,31.3,11.6z M73,9.2c0.4-0.1,3.5-1.6,8.4-2.6c4.9-1.1,8.9-0.5,8.9-0.8\tc0-0.3-1-0.9-6.2-0.3S72.6,9.3,73,9.2z M71.6,6.7C71.8,6.8,75,5.4,77.3,5c2.3-0.3,1.9-0.5,1.9-0.6c0-0.1-1.1-0.2-2.7,0.2\tC74.8,5.1,71.4,6.6,71.6,6.7z M93.6,4.4c0.1,0.2,3.5,0.8,5.6,1.8c2.1,1,1.8,0.6,1.9,0.5c0.1-0.1-0.8-0.8-2.4-1.3\tC97.1,4.8,93.5,4.2,93.6,4.4z M65.4,11.1c-0.1,0.3,0.3,0.5,1.9-0.2s2.6-1.3,2.2-1.2s-0.9,0.4-2.5,0.8C65.3,10.9,65.5,10.8,65.4,11.1\tz M34.5,12.4c-0.2,0,2.1,0.8,3.3,0.9c1.2,0.1,2,0.1,2-0.2c0-0.3-0.1-0.5-1.6-0.4C36.6,12.8,34.7,12.4,34.5,12.4z M152.2,21.1\tc-0.1,0.1-2.4-0.3-7.5-0.3c-5,0-13.6-2.4-17.2-3.5c-3.6-1.1,10,3.9,16.5,4.1C150.5,21.6,152.3,21,152.2,21.1z\"\/>\n\t<path class=\"elementor-shape-fill\" d=\"M269.6,18c-0.1-0.1-4.6,0.3-7.2,0c-7.3-0.7-17-3.2-16.6-2.9c0.4,0.3,13.7,3.1,17,3.3\tC267.7,18.8,269.7,18,269.6,18z\"\/>\n\t<path class=\"elementor-shape-fill\" d=\"M227.4,9.8c-0.2-0.1-4.5-1-9.5-1.2c-5-0.2-12.7,0.6-12.3,0.5c0.3-0.1,5.9-1.8,13.3-1.2\tS227.6,9.9,227.4,9.8z\"\/>\n\t<path class=\"elementor-shape-fill\" d=\"M204.5,13.4c-0.1-0.1,2-1,3.2-1.1c1.2-0.1,2,0,2,0.3c0,0.3-0.1,0.5-1.6,0.4\tC206.4,12.9,204.6,13.5,204.5,13.4z\"\/>\n\t<path class=\"elementor-shape-fill\" d=\"M201,10.6c0-0.1-4.4,1.2-6.3,2.2c-1.9,0.9-6.2,3.1-6.1,3.1c0.1,0.1,4.2-1.6,6.3-2.6\tS201,10.7,201,10.6z\"\/>\n\t<path class=\"elementor-shape-fill\" d=\"M154.5,26.7c-0.1-0.1-4.6,0.3-7.2,0c-7.3-0.7-17-3.2-16.6-2.9c0.4,0.3,13.7,3.1,17,3.3\tC152.6,27.5,154.6,26.8,154.5,26.7z\"\/>\n\t<path class=\"elementor-shape-fill\" d=\"M41.9,19.3c0,0,1.2-0.3,2.9-0.1c1.7,0.2,5.8,0.9,8.2,0.7c4.2-0.4,7.4-2.7,7-2.6\tc-0.4,0-4.3,2.2-8.6,1.9c-1.8-0.1-5.1-0.5-6.7-0.4S41.9,19.3,41.9,19.3z\"\/>\n\t<path class=\"elementor-shape-fill\" d=\"M75.5,12.6c0.2,0.1,2-0.8,4.3-1.1c2.3-0.2,2.1-0.3,2.1-0.5c0-0.1-1.8-0.4-3.4,0\tC76.9,11.5,75.3,12.5,75.5,12.6z\"\/>\n\t<path class=\"elementor-shape-fill\" d=\"M15.6,13.2c0-0.1,4.3,0,6.7,0.5c2.4,0.5,5,1.9,5,2c0,0.1-2.7-0.8-5.1-1.4\tC19.9,13.7,15.7,13.3,15.6,13.2z\"\/>\n<\/svg>\t\t<\/div>\n\t\t\t\t<div class=\"elementor-element elementor-element-639f835 elementor-widget elementor-widget-heading\" data-id=\"639f835\" data-element_type=\"widget\" data-e-type=\"widget\" data-widget_type=\"heading.default\">\n\t\t\t\t\t<h1 class=\"elementor-heading-title elementor-size-default\">Privacy Policy<\/h1>\t\t\t\t<\/div>\n\t\t\t\t<div class=\"elementor-element elementor-element-ba4e39c elementor-widget elementor-widget-text-editor\" data-id=\"ba4e39c\" data-element_type=\"widget\" data-e-type=\"widget\" data-widget_type=\"text-editor.default\">\n\t\t\t\t\t\t\t\t\t<p>Updated on 03\/27\/2026<\/p>\t\t\t\t\t\t\t\t<\/div>\n\t\t\t\t\t<\/div>\n\t\t\t\t<\/div>\n\t\t<div class=\"elementor-element elementor-element-603fce2 e-flex e-con-boxed e-con e-parent\" data-id=\"603fce2\" data-element_type=\"container\" data-e-type=\"container\">\n\t\t\t\t\t<div class=\"e-con-inner\">\n\t\t\t\t<div class=\"elementor-element elementor-element-fc8838f elementor-widget elementor-widget-text-editor\" data-id=\"fc8838f\" data-element_type=\"widget\" data-e-type=\"widget\" data-widget_type=\"text-editor.default\">\n\t\t\t\t\t\t\t\t\t<h6><strong>Privacy Policy \u2013 The Social Surf Experience<\/strong><\/h6>\n<p class=\"x_gmail-western\"><strong>1. Data Collection<\/strong><\/p>\n<p>Personal data collected via the website (contact form, email, phone) is limited to information necessary to respond to requests, organize services, and ensure client follow-up.<\/p>\n<p>Collected data may include:<br \/>\u2013 First and last name<br \/>&#8211; email<br \/>\u2013 Phone number<br \/>\u2013 Information related to the request<\/p>\n<p class=\"x_gmail-western\"><strong>2. Data Use<\/strong><\/p>\n<p>Data is used solely within the scope of the client relationship:<br \/>\u2013 Contacting you<br \/>\u2013 Organizing sessions<br \/>\u2013 Communications related to services<\/p>\n<p>No data is sold or transferred to third parties.<\/p>\n<p class=\"x_gmail-western\"><strong>3. Data Retention<\/strong><\/p>\n<p>Data is retained only as long as necessary for the business relationship.<br \/>It may be kept longer if required by legal or administrative obligations.<\/p>\n<p class=\"x_gmail-western\"><strong>4. Security<\/strong><\/p>\n<p>Data is processed confidentially and securely.<br \/>Measures are in place to prevent unauthorized access.<\/p>\n<p class=\"x_gmail-western\"><strong>5. User Rights<\/strong><\/p>\n<p>Under GDPR, you have the following rights:<br \/>\u2013 Access to your data<br \/>\u2013 Rectification<br \/>\u2013 Deletion<br \/>\u2013 Objection<\/p>\n<p>You can exercise these rights by contacting:\u00a0<span style=\"color: #000080;\"><a style=\"color: #000080;\" title=\"mailto:contact@socialsurfexperience.com\" href=\"mailto:contact@socialsurfexperience.com\" data-linkindex=\"0\">contact@socialsurfexperience.com<\/a><\/span><\/p>\n<p class=\"x_gmail-western\"><strong>6. Cookies<\/strong><\/p>\n<p>The website may use cookies for functionality and audience measurement purposes.<br \/>You can configure your browser to refuse cookies.<\/p>\n<p class=\"x_gmail-western\"><strong>7. Data Controller<\/strong><\/p>\n<p>Mika\u00ebl Legrand \u2013 The Social Surf Experience<\/p>\n<p class=\"x_gmail-western\"><strong>8. Contact<\/strong><\/p>\n<p>For any questions regarding data protection:<br \/>Email:\u00a0<span style=\"color: #000080;\"><a style=\"color: #000080;\" title=\"mailto:contact@socialsurfexperience.com\" href=\"mailto:contact@socialsurfexperience.com\" data-linkindex=\"1\">contact@socialsurfexperience.com<\/a><\/span><br \/>Phone: 06 11 97 25 87<\/p>\t\t\t\t\t\t\t\t<\/div>\n\t\t\t\t\t<\/div>\n\t\t\t\t<\/div>\n\t\t\t\t<\/div>","protected":false},"excerpt":{"rendered":"<p>Politique de confidentialit\u00e9 Mise \u00e0 jour le 27\/03\/2026 Politique de confidentialit\u00e9 \u2013 The Social Surf Experience 1. Collecte des donn\u00e9es [&hellip;]<\/p>\n","protected":false},"author":1,"featured_media":0,"parent":0,"menu_order":0,"comment_status":"closed","ping_status":"closed","template":"","meta":{"site-sidebar-layout":"no-sidebar","site-content-layout":"","ast-site-content-layout":"full-width-container","site-content-style":"default","site-sidebar-style":"default","ast-global-header-display":"","ast-banner-title-visibility":"","ast-main-header-display":"","ast-hfb-above-header-display":"","ast-hfb-below-header-display":"","ast-hfb-mobile-header-display":"","site-post-title":"disabled","ast-breadcrumbs-content":"","ast-featured-img":"disabled","footer-sml-layout":"","ast-disable-related-posts":"","theme-transparent-header-meta":"enabled","adv-header-id-meta":"","stick-header-meta":"","header-above-stick-meta":"","header-main-stick-meta":"","header-below-stick-meta":"","astra-migrate-meta-layouts":"default","ast-page-background-enabled":"default","ast-page-background-meta":{"desktop":{"background-color":"var(--ast-global-color-5)","background-image":"","background-repeat":"repeat","background-position":"center center","background-size":"auto","background-attachment":"scroll","background-type":"","background-media":"","overlay-type":"","overlay-color":"","overlay-opacity":"","overlay-gradient":""},"tablet":{"background-color":"","background-image":"","background-repeat":"repeat","background-position":"center center","background-size":"auto","background-attachment":"scroll","background-type":"","background-media":"","overlay-type":"","overlay-color":"","overlay-opacity":"","overlay-gradient":""},"mobile":{"background-color":"","background-image":"","background-repeat":"repeat","background-position":"center center","background-size":"auto","background-attachment":"scroll","background-type":"","background-media":"","overlay-type":"","overlay-color":"","overlay-opacity":"","overlay-gradient":""}},"ast-content-background-meta":{"desktop":{"background-color":"var(--ast-global-color-4)","background-image":"","background-repeat":"repeat","background-position":"center center","background-size":"auto","background-attachment":"scroll","background-type":"","background-media":"","overlay-type":"","overlay-color":"","overlay-opacity":"","overlay-gradient":""},"tablet":{"background-color":"var(--ast-global-color-4)","background-image":"","background-repeat":"repeat","background-position":"center center","background-size":"auto","background-attachment":"scroll","background-type":"","background-media":"","overlay-type":"","overlay-color":"","overlay-opacity":"","overlay-gradient":""},"mobile":{"background-color":"var(--ast-global-color-4)","background-image":"","background-repeat":"repeat","background-position":"center center","background-size":"auto","background-attachment":"scroll","background-type":"","background-media":"","overlay-type":"","overlay-color":"","overlay-opacity":"","overlay-gradient":""}},"footnotes":""},"class_list":["post-809","page","type-page","status-publish","hentry"],"yoast_head":"<!-- This site is optimized with the Yoast SEO plugin v27.4 - https:\/\/yoast.com\/product\/yoast-seo-wordpress\/ -->\n<title>Politique de confidentialit\u00e9 - The Social Surf Experience<\/title>\n<meta name=\"robots\" content=\"index, follow, max-snippet:-1, max-image-preview:large, max-video-preview:-1\" \/>\n<link rel=\"canonical\" href=\"https:\/\/socialsurfexperience.com\/en\/politique-de-confidentialite\/\" \/>\n<meta property=\"og:locale\" content=\"en_GB\" \/>\n<meta property=\"og:type\" content=\"article\" \/>\n<meta property=\"og:title\" content=\"Politique de confidentialit\u00e9 - The Social Surf Experience\" \/>\n<meta property=\"og:description\" content=\"Politique de confidentialit\u00e9 Mise \u00e0 jour le 27\/03\/2026 Politique de confidentialit\u00e9 \u2013 The Social Surf Experience 1. Collecte des donn\u00e9es [&hellip;]\" \/>\n<meta property=\"og:url\" content=\"https:\/\/socialsurfexperience.com\/en\/politique-de-confidentialite\/\" \/>\n<meta property=\"og:site_name\" content=\"The Social Surf Experience\" \/>\n<meta property=\"article:modified_time\" content=\"2026-03-27T10:57:51+00:00\" \/>\n<meta name=\"twitter:card\" content=\"summary_large_image\" \/>\n<meta name=\"twitter:label1\" content=\"Estimated reading time\" \/>\n\t<meta name=\"twitter:data1\" content=\"2 minutes\" \/>\n<script type=\"application\/ld+json\" class=\"yoast-schema-graph\">{\"@context\":\"https:\\\/\\\/schema.org\",\"@graph\":[{\"@type\":\"WebPage\",\"@id\":\"https:\\\/\\\/socialsurfexperience.com\\\/politique-de-confidentialite\\\/\",\"url\":\"https:\\\/\\\/socialsurfexperience.com\\\/politique-de-confidentialite\\\/\",\"name\":\"Politique de confidentialit\u00e9 - The Social Surf Experience\",\"isPartOf\":{\"@id\":\"https:\\\/\\\/socialsurfexperience.com\\\/#website\"},\"datePublished\":\"2026-03-11T12:58:57+00:00\",\"dateModified\":\"2026-03-27T10:57:51+00:00\",\"breadcrumb\":{\"@id\":\"https:\\\/\\\/socialsurfexperience.com\\\/politique-de-confidentialite\\\/#breadcrumb\"},\"inLanguage\":\"en-GB\",\"potentialAction\":[{\"@type\":\"ReadAction\",\"target\":[\"https:\\\/\\\/socialsurfexperience.com\\\/politique-de-confidentialite\\\/\"]}]},{\"@type\":\"BreadcrumbList\",\"@id\":\"https:\\\/\\\/socialsurfexperience.com\\\/politique-de-confidentialite\\\/#breadcrumb\",\"itemListElement\":[{\"@type\":\"ListItem\",\"position\":1,\"name\":\"Accueil\",\"item\":\"https:\\\/\\\/socialsurfexperience.com\\\/\"},{\"@type\":\"ListItem\",\"position\":2,\"name\":\"Politique de confidentialit\u00e9\"}]},{\"@type\":\"WebSite\",\"@id\":\"https:\\\/\\\/socialsurfexperience.com\\\/#website\",\"url\":\"https:\\\/\\\/socialsurfexperience.com\\\/\",\"name\":\"The Social Surf Experience\",\"description\":\"\",\"publisher\":{\"@id\":\"https:\\\/\\\/socialsurfexperience.com\\\/#organization\"},\"potentialAction\":[{\"@type\":\"SearchAction\",\"target\":{\"@type\":\"EntryPoint\",\"urlTemplate\":\"https:\\\/\\\/socialsurfexperience.com\\\/?s={search_term_string}\"},\"query-input\":{\"@type\":\"PropertyValueSpecification\",\"valueRequired\":true,\"valueName\":\"search_term_string\"}}],\"inLanguage\":\"en-GB\"},{\"@type\":\"Organization\",\"@id\":\"https:\\\/\\\/socialsurfexperience.com\\\/#organization\",\"name\":\"The Social Surf Experience\",\"url\":\"https:\\\/\\\/socialsurfexperience.com\\\/\",\"logo\":{\"@type\":\"ImageObject\",\"inLanguage\":\"en-GB\",\"@id\":\"https:\\\/\\\/socialsurfexperience.com\\\/#\\\/schema\\\/logo\\\/image\\\/\",\"url\":\"https:\\\/\\\/socialsurfexperience.com\\\/wp-content\\\/uploads\\\/2026\\\/02\\\/Logo-The-Social-Surf-Experience-texte-blanc-scaled.png\",\"contentUrl\":\"https:\\\/\\\/socialsurfexperience.com\\\/wp-content\\\/uploads\\\/2026\\\/02\\\/Logo-The-Social-Surf-Experience-texte-blanc-scaled.png\",\"width\":2560,\"height\":645,\"caption\":\"The Social Surf Experience\"},\"image\":{\"@id\":\"https:\\\/\\\/socialsurfexperience.com\\\/#\\\/schema\\\/logo\\\/image\\\/\"}}]}<\/script>\n<!-- \/ Yoast SEO plugin. -->","yoast_head_json":{"title":"Politique de confidentialit\u00e9 - The Social Surf Experience","robots":{"index":"index","follow":"follow","max-snippet":"max-snippet:-1","max-image-preview":"max-image-preview:large","max-video-preview":"max-video-preview:-1"},"canonical":"https:\/\/socialsurfexperience.com\/en\/politique-de-confidentialite\/","og_locale":"en_GB","og_type":"article","og_title":"Politique de confidentialit\u00e9 - The Social Surf Experience","og_description":"Politique de confidentialit\u00e9 Mise \u00e0 jour le 27\/03\/2026 Politique de confidentialit\u00e9 \u2013 The Social Surf Experience 1. Collecte des donn\u00e9es [&hellip;]","og_url":"https:\/\/socialsurfexperience.com\/en\/politique-de-confidentialite\/","og_site_name":"The Social Surf Experience","article_modified_time":"2026-03-27T10:57:51+00:00","twitter_card":"summary_large_image","twitter_misc":{"Estimated reading time":"2 minutes"},"schema":{"@context":"https:\/\/schema.org","@graph":[{"@type":"WebPage","@id":"https:\/\/socialsurfexperience.com\/politique-de-confidentialite\/","url":"https:\/\/socialsurfexperience.com\/politique-de-confidentialite\/","name":"Politique de confidentialit\u00e9 - The Social Surf Experience","isPartOf":{"@id":"https:\/\/socialsurfexperience.com\/#website"},"datePublished":"2026-03-11T12:58:57+00:00","dateModified":"2026-03-27T10:57:51+00:00","breadcrumb":{"@id":"https:\/\/socialsurfexperience.com\/politique-de-confidentialite\/#breadcrumb"},"inLanguage":"en-GB","potentialAction":[{"@type":"ReadAction","target":["https:\/\/socialsurfexperience.com\/politique-de-confidentialite\/"]}]},{"@type":"BreadcrumbList","@id":"https:\/\/socialsurfexperience.com\/politique-de-confidentialite\/#breadcrumb","itemListElement":[{"@type":"ListItem","position":1,"name":"Accueil","item":"https:\/\/socialsurfexperience.com\/"},{"@type":"ListItem","position":2,"name":"Politique de confidentialit\u00e9"}]},{"@type":"WebSite","@id":"https:\/\/socialsurfexperience.com\/#website","url":"https:\/\/socialsurfexperience.com\/","name":"The Social Surf Experience","description":"","publisher":{"@id":"https:\/\/socialsurfexperience.com\/#organization"},"potentialAction":[{"@type":"SearchAction","target":{"@type":"EntryPoint","urlTemplate":"https:\/\/socialsurfexperience.com\/?s={search_term_string}"},"query-input":{"@type":"PropertyValueSpecification","valueRequired":true,"valueName":"search_term_string"}}],"inLanguage":"en-GB"},{"@type":"Organization","@id":"https:\/\/socialsurfexperience.com\/#organization","name":"The Social Surf Experience","url":"https:\/\/socialsurfexperience.com\/","logo":{"@type":"ImageObject","inLanguage":"en-GB","@id":"https:\/\/socialsurfexperience.com\/#\/schema\/logo\/image\/","url":"https:\/\/socialsurfexperience.com\/wp-content\/uploads\/2026\/02\/Logo-The-Social-Surf-Experience-texte-blanc-scaled.png","contentUrl":"https:\/\/socialsurfexperience.com\/wp-content\/uploads\/2026\/02\/Logo-The-Social-Surf-Experience-texte-blanc-scaled.png","width":2560,"height":645,"caption":"The Social Surf Experience"},"image":{"@id":"https:\/\/socialsurfexperience.com\/#\/schema\/logo\/image\/"}}]}},"_links":{"self":[{"href":"https:\/\/socialsurfexperience.com\/en\/wp-json\/wp\/v2\/pages\/809","targetHints":{"allow":["GET"]}}],"collection":[{"href":"https:\/\/socialsurfexperience.com\/en\/wp-json\/wp\/v2\/pages"}],"about":[{"href":"https:\/\/socialsurfexperience.com\/en\/wp-json\/wp\/v2\/types\/page"}],"author":[{"embeddable":true,"href":"https:\/\/socialsurfexperience.com\/en\/wp-json\/wp\/v2\/users\/1"}],"replies":[{"embeddable":true,"href":"https:\/\/socialsurfexperience.com\/en\/wp-json\/wp\/v2\/comments?post=809"}],"version-history":[{"count":17,"href":"https:\/\/socialsurfexperience.com\/en\/wp-json\/wp\/v2\/pages\/809\/revisions"}],"predecessor-version":[{"id":1890,"href":"https:\/\/socialsurfexperience.com\/en\/wp-json\/wp\/v2\/pages\/809\/revisions\/1890"}],"wp:attachment":[{"href":"https:\/\/socialsurfexperience.com\/en\/wp-json\/wp\/v2\/media?parent=809"}],"curies":[{"name":"wp","href":"https:\/\/api.w.org\/{rel}","templated":true}]}}